{"id":42,"date":"2021-05-06T15:32:49","date_gmt":"2021-05-06T13:32:49","guid":{"rendered":"https:\/\/develop.organisator.galledia.ch\/?page_id=42"},"modified":"2023-03-15T15:56:47","modified_gmt":"2023-03-15T14:56:47","slug":"haeufige-fragen","status":null,"type":"page","link":"https:\/\/news.save.ch\/de\/haeufige-fragen\/","title":{"rendered":"H\u00e4ufige Fragen"},"content":{"rendered":"<h1>Benutzerkonto<\/h1>\n<h3>Wie erstelle ich ein Benutzerkonto?<\/h3>\n<p>Ein pers\u00f6nliches Benutzerkonto wird nach erfolgreicher <a href=\"\/registrieren\/\">Registration<\/a> erstellt.<\/p>\n<h3>Ich habe mein Passwort vergessen<\/h3>\n<p>Unter Passwort vergessen k\u00f6nnen Sie <a href=\"\/passwort-reset\/\">ein neues Passwort anfordern<\/a>.<\/p>\n<h3>Ich habe meine E-Mail-Adresse f\u00fcr die Anmeldung vergessen und kann mich nicht mehr anmelden.<\/h3>\n<p>Ihre E-Mail-Adresse wird f\u00fcr die Anmeldung ben\u00f6tigt. Haben Sie Ihre E-Mail-Adresse vergessen mit welcher, Sie sich registriert haben, dann wenden Sie sich bitte an unseren <a href=\"\/kontakt\/\">Leserservice<\/a>.<\/p>\n<h3>Kann ich meine E-Mail-Adresse \u00e4ndern?<\/h3>\n<p>Sie k\u00f6nnen Ihre E-Mail-Adresse in Ihrem Benutzerkonto \u00e4ndern. Alternativ k\u00f6nnen Sie die \u00c4nderung auch unserem <a href=\"\/kontakt\/\">Leserservice<\/a> mitteilen.<\/p>\n<h3>Wie kann ich mein Benutzerkonto l\u00f6schen?<\/h3>\n<p>Aus Sicherheitsgr\u00fcnden k\u00f6nnen Sie Ihr Benutzerkonto nur per E-Mail l\u00f6schen. Wenden Sie sich dazu bitte direkt an unseren <a href=\"\/kontakt\/\">Leserservice<\/a>.<\/p>\n<p>&nbsp;<\/p>\n<h1>Abonnemente<\/h1>\n<h3>Welche Abonnemente gibt es?<\/h3>\n<p>Sie k\u00f6nnen zwischen drei verschiedenen Abonnements w\u00e4hlen: <strong>Digital; <\/strong>Mit dem Digital-Abonnement haben Sie unlimitierten Zugang auf s\u00e4mtliche Inhalte der Newsseite. Mehr Informationen zu den Digital-Abos finden Sie <a href=\"\/produkt-kategorie\/online-abos\/\">hier<\/a>. <strong>Print; <\/strong>Mit dem Print-Abonnement wird Ihnen die periodisch erscheinende Zeitschrift in gedruckter Form in Ihren Briefkasten zugestellt. Mehr Informationen zu den Print-Abos finden Sie <a href=\"\/produkt-kategorie\/print-abos\/\">hier<\/a>. <strong>Kombi (Print &amp; Digital); <\/strong>Mit dem Kombi-Abonnement erhalten Sie Zugang zu allen Artikeln der Newsseite. Zudem wird die periodisch erscheinende Zeitschrift in gedruckter Form in Ihren Briefkasten zugestellt. Mehr Informationen zum Kombi-Abonnement finden Sie <a href=\"\/produkt-kategorie\/kombi-abos\/\">hier<\/a>.<\/p>\n<h3>Kann ich von einem Abonnement der gedruckten Zeitschrift zu einem Digitalabonnement wechseln?<\/h3>\n<p>Sie k\u00f6nnen von Ihrem Print-Abonnement jederzeit auf ein Digital-Abonnement wechseln. Wenn Sie das Printabonnement bereits bezahlt haben, wird das Restguthaben Ihrem neuen Abonnement angerechnet. Um die Wandlung durchzuf\u00fchren kontaktieren Sie bitte unseren <a href=\"\/kontakt\/\">Leserservice<\/a>.<\/p>\n<h3>Kann ich von einem Digitalabonnement zu einem Abonnement der gedruckten Ausgabe wechseln?<\/h3>\n<p>Ja, Sie k\u00f6nnen Ihr Abonnement jederzeit wandeln. Wenn Sie das Digitalabonnement bereits bezahlt haben, wird das Restguthaben Ihrem neuen Abonnement angerechnet. Um die Wandlung durchzuf\u00fchren kontaktieren Sie bitte unseren <a href=\"\/kontakt\/\">Leserservice<\/a>.<\/p>\n<h3>Welche Geschenkabos werden angeboten?<\/h3>\n<p>Verschenken Sie ein Geschenkabo zum Beispiel zum Geburtstag oder zu Weihnachten. W\u00e4hlen Sie das gew\u00fcnschte Produkt und Schreiben Sie unter \u00abBemerkungen\u00bb, dass es sich um ein \u00abGeschenkabo\u00bb handelt und geben Sie uns die Adresse vom beschenkten Empf\u00e4nger an. Die Korrespondenz wird beim Abschluss eines Geschenkabos ausschliesslich mit Ihnen gef\u00fchrt, so dass es eine \u00dcberraschung f\u00fcr den Beschenkten bleibt.<\/p>\n<h3>Wie kann ich mein Abonnement k\u00fcndigen?<\/h3>\n<p>Sie k\u00f6nnen Ihr Abonnement jederzeit zum Ende der bezahlten Laufzeit k\u00fcndigen. Damit wir Ihre K\u00fcndigung rechtzeitig bearbeiten k\u00f6nnen, muss diese sp\u00e4testens 5 Tage vor Ablauf der Laufzeit bei uns im <a href=\"\/kontakt\/\">Leserservice<\/a> eintreffen. Falls Sie die Zeitschrift oder Newssite ab sofort nicht mehr beziehen m\u00f6chten, k\u00f6nnen Sie diese bis zum Ablauf des Abonnements einer Person Ihrer Wahl zukommen lassen. Die vorzeitige Aufl\u00f6sung des Abonnements oder der Bezug des Restguthabens ist nicht m\u00f6glich.<\/p>\n<p>&nbsp;<\/p>\n<h1>Rechnung und Zahlung<\/h1>\n<h3>Welche Bezahlm\u00f6glichkeiten habe ich?<\/h3>\n<p>Sie k\u00f6nnen Ihr Abonnement bequem mittels Kreditkarte (American Express, Visa und Mastercard) bezahlen.<\/p>\n<h3>Kreditkartenzahlung<\/h3>\n<p>Sie k\u00f6nnen Ihre Rechnung bequem \u00fcber Ihre Kreditkarte zahlen. Ihr Abonnement wird bei dieser Zahlungsart <strong>nicht<\/strong> automatisch erneuert. Das Belastungsavis wird Ihnen vor der Belastung ausschliesslich per E-Mail zugestellt.<\/p>\n<p>&nbsp;<\/p>\n<h1>Newsletter<\/h1>\n<h3>Gibt es einen periodischen Newsletter von save?<\/h3>\n<p>Ja. F\u00fcr die <a href=\"\/newsletter\/\">Newsletter-Anmeldung<\/a> klicken Sie bitte <a href=\"\/newsletter\/\">hier<\/a>.<\/p>\n","protected":false},"excerpt":{"rendered":"<p>Benutzerkonto Wie erstelle ich ein Benutzerkonto? Ein pers\u00f6nliches Benutzerkonto wird nach erfolgreicher Registration erstellt. Ich habe mein Passwort vergessen Unter Passwort vergessen k\u00f6nnen Sie ein neues Passwort anfordern. Ich habe meine E-Mail-Adresse f\u00fcr die Anmeldung vergessen und kann mich nicht mehr anmelden. Ihre E-Mail-Adresse wird f\u00fcr die Anmeldung ben\u00f6tigt. Haben Sie Ihre E-Mail-Adresse vergessen mit [&hellip;]<\/p>\n","protected":false},"author":1,"featured_media":0,"parent":0,"menu_order":0,"comment_status":"closed","ping_status":"closed","template":"","meta":{"_acf_changed":false,"pgc_sgb_lightbox_settings":"","footnotes":""},"class_list":["post-42","page","type-page","status-publish","hentry"],"acf":[],"hkrextid":null,"publication":null,"issue":null,"workflow":null,"startPage":null,"spitzmarke":null,"_posts_by_tag_page_fields":null,"_at_widget":null,"_yoast_wpseo_primary_category":null,"_yoast_wpseo_focuskw_text_input":null,"_yoast_wpseo_opengraph-image":null,"_yoast_wpseo_opengraph-description":null,"_yoast_wpseo_opengraph-title":null,"enclosure":null,"_yoast_wpseo_twitter-title":null,"_yoast_wpseo_twitter-description":null,"_yoast_wpseo_twitter-image":null,"_wp_old_slug":null,"_yoast_wpseo_title":null,"_yoast_wpseo_canonical":null,"yoast_head":"<!-- This site is optimized with the Yoast SEO plugin v27.5 - https:\/\/yoast.com\/product\/yoast-seo-wordpress\/ -->\n<title>H\u00e4ufige Fragen - Save<\/title>\n<meta name=\"robots\" content=\"index, follow, max-snippet:-1, max-image-preview:large, max-video-preview:-1\" \/>\n<link rel=\"canonical\" href=\"https:\/\/news.save.ch\/de\/haeufige-fragen\/\" \/>\n<meta property=\"og:locale\" content=\"de_DE\" \/>\n<meta property=\"og:type\" content=\"article\" \/>\n<meta property=\"og:title\" content=\"H\u00e4ufige Fragen - Save\" \/>\n<meta property=\"og:description\" content=\"Benutzerkonto Wie erstelle ich ein Benutzerkonto? Ein pers\u00f6nliches Benutzerkonto wird nach erfolgreicher Registration erstellt. Ich habe mein Passwort vergessen Unter Passwort vergessen k\u00f6nnen Sie ein neues Passwort anfordern. Ich habe meine E-Mail-Adresse f\u00fcr die Anmeldung vergessen und kann mich nicht mehr anmelden. Ihre E-Mail-Adresse wird f\u00fcr die Anmeldung ben\u00f6tigt. Haben Sie Ihre E-Mail-Adresse vergessen mit [&hellip;]\" \/>\n<meta property=\"og:url\" content=\"https:\/\/news.save.ch\/de\/haeufige-fragen\/\" \/>\n<meta property=\"og:site_name\" content=\"Save\" \/>\n<meta property=\"article:modified_time\" content=\"2023-03-15T14:56:47+00:00\" \/>\n<meta name=\"twitter:card\" content=\"summary_large_image\" \/>\n<meta name=\"twitter:label1\" content=\"Gesch\u00e4tzte Lesezeit\" \/>\n\t<meta name=\"twitter:data1\" content=\"3\u00a0Minuten\" \/>\n<script type=\"application\/ld+json\" class=\"yoast-schema-graph\">{\"@context\":\"https:\\\/\\\/schema.org\",\"@graph\":[{\"@type\":\"WebPage\",\"@id\":\"https:\\\/\\\/news.save.ch\\\/haeufige-fragen\\\/\",\"url\":\"https:\\\/\\\/news.save.ch\\\/haeufige-fragen\\\/\",\"name\":\"H\u00e4ufige Fragen - Save\",\"isPartOf\":{\"@id\":\"https:\\\/\\\/news.save.ch\\\/de\\\/#website\"},\"datePublished\":\"2021-05-06T13:32:49+00:00\",\"dateModified\":\"2023-03-15T14:56:47+00:00\",\"breadcrumb\":{\"@id\":\"https:\\\/\\\/news.save.ch\\\/haeufige-fragen\\\/#breadcrumb\"},\"inLanguage\":\"de\",\"potentialAction\":[{\"@type\":\"ReadAction\",\"target\":[\"https:\\\/\\\/news.save.ch\\\/haeufige-fragen\\\/\"]}]},{\"@type\":\"BreadcrumbList\",\"@id\":\"https:\\\/\\\/news.save.ch\\\/haeufige-fragen\\\/#breadcrumb\",\"itemListElement\":[{\"@type\":\"ListItem\",\"position\":1,\"name\":\"Home\",\"item\":\"https:\\\/\\\/news.save.ch\\\/de\\\/\"},{\"@type\":\"ListItem\",\"position\":2,\"name\":\"H\u00e4ufige Fragen\"}]},{\"@type\":\"WebSite\",\"@id\":\"https:\\\/\\\/news.save.ch\\\/de\\\/#website\",\"url\":\"https:\\\/\\\/news.save.ch\\\/de\\\/\",\"name\":\"Save\",\"description\":\"Schweizer Fachzeitschrift f\u00fcr Sicherheit\",\"publisher\":{\"@id\":\"https:\\\/\\\/news.save.ch\\\/de\\\/#organization\"},\"potentialAction\":[{\"@type\":\"SearchAction\",\"target\":{\"@type\":\"EntryPoint\",\"urlTemplate\":\"https:\\\/\\\/news.save.ch\\\/de\\\/?s={search_term_string}\"},\"query-input\":{\"@type\":\"PropertyValueSpecification\",\"valueRequired\":true,\"valueName\":\"search_term_string\"}}],\"inLanguage\":\"de\"},{\"@type\":\"Organization\",\"@id\":\"https:\\\/\\\/news.save.ch\\\/de\\\/#organization\",\"name\":\"Sicherheitsforum\",\"url\":\"https:\\\/\\\/news.save.ch\\\/de\\\/\",\"logo\":{\"@type\":\"ImageObject\",\"inLanguage\":\"de\",\"@id\":\"https:\\\/\\\/news.save.ch\\\/de\\\/#\\\/schema\\\/logo\\\/image\\\/\",\"url\":\"https:\\\/\\\/news.save.ch\\\/wp-content\\\/uploads\\\/2022\\\/06\\\/Logo_SF_2012.png\",\"contentUrl\":\"https:\\\/\\\/news.save.ch\\\/wp-content\\\/uploads\\\/2022\\\/06\\\/Logo_SF_2012.png\",\"width\":1100,\"height\":91,\"caption\":\"Sicherheitsforum\"},\"image\":{\"@id\":\"https:\\\/\\\/news.save.ch\\\/de\\\/#\\\/schema\\\/logo\\\/image\\\/\"}}]}<\/script>\n<!-- \/ Yoast SEO plugin. -->","yoast_head_json":{"title":"H\u00e4ufige Fragen - Save","robots":{"index":"index","follow":"follow","max-snippet":"max-snippet:-1","max-image-preview":"max-image-preview:large","max-video-preview":"max-video-preview:-1"},"canonical":"https:\/\/news.save.ch\/de\/haeufige-fragen\/","og_locale":"de_DE","og_type":"article","og_title":"H\u00e4ufige Fragen - Save","og_description":"Benutzerkonto Wie erstelle ich ein Benutzerkonto? Ein pers\u00f6nliches Benutzerkonto wird nach erfolgreicher Registration erstellt. Ich habe mein Passwort vergessen Unter Passwort vergessen k\u00f6nnen Sie ein neues Passwort anfordern. Ich habe meine E-Mail-Adresse f\u00fcr die Anmeldung vergessen und kann mich nicht mehr anmelden. Ihre E-Mail-Adresse wird f\u00fcr die Anmeldung ben\u00f6tigt. Haben Sie Ihre E-Mail-Adresse vergessen mit [&hellip;]","og_url":"https:\/\/news.save.ch\/de\/haeufige-fragen\/","og_site_name":"Save","article_modified_time":"2023-03-15T14:56:47+00:00","twitter_card":"summary_large_image","twitter_misc":{"Gesch\u00e4tzte Lesezeit":"3\u00a0Minuten"},"schema":{"@context":"https:\/\/schema.org","@graph":[{"@type":"WebPage","@id":"https:\/\/news.save.ch\/haeufige-fragen\/","url":"https:\/\/news.save.ch\/haeufige-fragen\/","name":"H\u00e4ufige Fragen - Save","isPartOf":{"@id":"https:\/\/news.save.ch\/de\/#website"},"datePublished":"2021-05-06T13:32:49+00:00","dateModified":"2023-03-15T14:56:47+00:00","breadcrumb":{"@id":"https:\/\/news.save.ch\/haeufige-fragen\/#breadcrumb"},"inLanguage":"de","potentialAction":[{"@type":"ReadAction","target":["https:\/\/news.save.ch\/haeufige-fragen\/"]}]},{"@type":"BreadcrumbList","@id":"https:\/\/news.save.ch\/haeufige-fragen\/#breadcrumb","itemListElement":[{"@type":"ListItem","position":1,"name":"Home","item":"https:\/\/news.save.ch\/de\/"},{"@type":"ListItem","position":2,"name":"H\u00e4ufige Fragen"}]},{"@type":"WebSite","@id":"https:\/\/news.save.ch\/de\/#website","url":"https:\/\/news.save.ch\/de\/","name":"Save","description":"Schweizer Fachzeitschrift f\u00fcr Sicherheit","publisher":{"@id":"https:\/\/news.save.ch\/de\/#organization"},"potentialAction":[{"@type":"SearchAction","target":{"@type":"EntryPoint","urlTemplate":"https:\/\/news.save.ch\/de\/?s={search_term_string}"},"query-input":{"@type":"PropertyValueSpecification","valueRequired":true,"valueName":"search_term_string"}}],"inLanguage":"de"},{"@type":"Organization","@id":"https:\/\/news.save.ch\/de\/#organization","name":"Sicherheitsforum","url":"https:\/\/news.save.ch\/de\/","logo":{"@type":"ImageObject","inLanguage":"de","@id":"https:\/\/news.save.ch\/de\/#\/schema\/logo\/image\/","url":"https:\/\/news.save.ch\/wp-content\/uploads\/2022\/06\/Logo_SF_2012.png","contentUrl":"https:\/\/news.save.ch\/wp-content\/uploads\/2022\/06\/Logo_SF_2012.png","width":1100,"height":91,"caption":"Sicherheitsforum"},"image":{"@id":"https:\/\/news.save.ch\/de\/#\/schema\/logo\/image\/"}}]}},"_links":{"self":[{"href":"https:\/\/news.save.ch\/de\/wp-json\/wp\/v2\/pages\/42","targetHints":{"allow":["GET"]}}],"collection":[{"href":"https:\/\/news.save.ch\/de\/wp-json\/wp\/v2\/pages"}],"about":[{"href":"https:\/\/news.save.ch\/de\/wp-json\/wp\/v2\/types\/page"}],"author":[{"embeddable":true,"href":"https:\/\/news.save.ch\/de\/wp-json\/wp\/v2\/users\/1"}],"replies":[{"embeddable":true,"href":"https:\/\/news.save.ch\/de\/wp-json\/wp\/v2\/comments?post=42"}],"version-history":[{"count":3,"href":"https:\/\/news.save.ch\/de\/wp-json\/wp\/v2\/pages\/42\/revisions"}],"predecessor-version":[{"id":19074,"href":"https:\/\/news.save.ch\/de\/wp-json\/wp\/v2\/pages\/42\/revisions\/19074"}],"wp:attachment":[{"href":"https:\/\/news.save.ch\/de\/wp-json\/wp\/v2\/media?parent=42"}],"curies":[{"name":"wp","href":"https:\/\/api.w.org\/{rel}","templated":true}]}}