{"id":19079,"date":"2023-03-15T16:42:35","date_gmt":"2023-03-15T15:42:35","guid":{"rendered":"https:\/\/news.save.ch\/?post_type=product&#038;p=19079"},"modified":"2023-03-15T17:42:49","modified_gmt":"2023-03-15T16:42:49","slug":"jahres-abonnement-print","status":null,"type":"product","link":"https:\/\/news.save.ch\/de\/produkt\/jahres-abonnement-print\/","title":{"rendered":"Jahres-Abonnement \u00abPrint\u00bb"},"content":{"rendered":"<p>\u00absave \u2013 Das Magazin f\u00fcr Sicherheit\u00bb ist die wichtigste Publikation f\u00fcr die Schweizer Security- und Safety-Branche. Kompetent, fundiert und themen\u00fcbergreifend \u2013 dies ist die journalistische DNA des neuen Fachmagazins, welches aus dem Zusammenschluss der Fachzeitschriften SICHERHEITSFORUM und SAFETY-PLUS entstanden ist.<\/p>\n<p>Das Redaktionsteam von save berichtet in Zusammenarbeit mit erfahrenen Fachexperten \u00fcber die neusten Trends und Entwicklungen der Branche. In seri\u00f6s recherchierten Hintergrundbeitr\u00e4gen und Interviews beleuchtet wir die spannendsten technologischen Entwicklungen, Markthintergr\u00fcnde und Dienstleistungen.<\/p>\n","protected":false},"excerpt":{"rendered":"<p>save \u2013 das f\u00fchrende Informationsmedium f\u00fcr Safety &amp; Security.<br \/>\n6 x im Jahr mit aktuellen News &amp; Trends rund um die Themen Sicherheit und Pr\u00e4vention.<\/p>\n","protected":false},"featured_media":19080,"template":"","meta":{"_acf_changed":false,"pgc_sgb_lightbox_settings":""},"product_brand":[],"product_cat":[27],"product_tag":[],"class_list":{"0":"post-19079","1":"product","2":"type-product","3":"status-publish","4":"has-post-thumbnail","6":"product_cat-print-abos","8":"first","9":"instock","10":"taxable","11":"shipping-taxable","12":"purchasable","13":"product-type-simple"},"acf":[],"hkrextid":null,"publication":null,"issue":null,"workflow":null,"startPage":null,"spitzmarke":null,"_posts_by_tag_page_fields":null,"_at_widget":null,"_yoast_wpseo_primary_category":null,"_yoast_wpseo_focuskw_text_input":null,"_yoast_wpseo_opengraph-image":null,"_yoast_wpseo_opengraph-description":null,"_yoast_wpseo_opengraph-title":null,"enclosure":null,"_yoast_wpseo_twitter-title":null,"_yoast_wpseo_twitter-description":null,"_yoast_wpseo_twitter-image":null,"_wp_old_slug":null,"_yoast_wpseo_title":null,"_yoast_wpseo_canonical":null,"yoast_head":"<!-- This site is optimized with the Yoast SEO plugin v27.4 - https:\/\/yoast.com\/product\/yoast-seo-wordpress\/ -->\n<title>Jahres-Abonnement \u00abPrint\u00bb - Save<\/title>\n<meta name=\"robots\" content=\"index, follow, max-snippet:-1, max-image-preview:large, max-video-preview:-1\" \/>\n<link rel=\"canonical\" href=\"https:\/\/news.save.ch\/de\/produkt\/jahres-abonnement-print\/\" \/>\n<meta property=\"og:locale\" content=\"de_DE\" \/>\n<meta property=\"og:type\" content=\"article\" \/>\n<meta property=\"og:title\" content=\"Jahres-Abonnement \u00abPrint\u00bb - Save\" \/>\n<meta property=\"og:description\" content=\"save \u2013 das f\u00fchrende Informationsmedium f\u00fcr Safety &amp; Security. 6 x im Jahr mit aktuellen News &amp; Trends rund um die Themen Sicherheit und Pr\u00e4vention.\" \/>\n<meta property=\"og:url\" content=\"https:\/\/news.save.ch\/de\/produkt\/jahres-abonnement-print\/\" \/>\n<meta property=\"og:site_name\" content=\"Save\" \/>\n<meta property=\"article:modified_time\" content=\"2023-03-15T16:42:49+00:00\" \/>\n<meta property=\"og:image\" content=\"https:\/\/news.save.ch\/wp-content\/uploads\/2023\/03\/jahresabo_transparent.png\" \/>\n\t<meta property=\"og:image:width\" content=\"1000\" \/>\n\t<meta property=\"og:image:height\" content=\"670\" \/>\n\t<meta property=\"og:image:type\" content=\"image\/png\" \/>\n<meta name=\"twitter:card\" content=\"summary_large_image\" \/>\n<meta name=\"twitter:label1\" content=\"Gesch\u00e4tzte Lesezeit\" \/>\n\t<meta name=\"twitter:data1\" content=\"1\u00a0Minute\" \/>\n<script type=\"application\/ld+json\" class=\"yoast-schema-graph\">{\"@context\":\"https:\\\/\\\/schema.org\",\"@graph\":[{\"@type\":\"WebPage\",\"@id\":\"https:\\\/\\\/news.save.ch\\\/produkt\\\/jahres-abonnement-print\\\/\",\"url\":\"https:\\\/\\\/news.save.ch\\\/produkt\\\/jahres-abonnement-print\\\/\",\"name\":\"Jahres-Abonnement \u00abPrint\u00bb - Save\",\"isPartOf\":{\"@id\":\"https:\\\/\\\/news.save.ch\\\/de\\\/#website\"},\"primaryImageOfPage\":{\"@id\":\"https:\\\/\\\/news.save.ch\\\/produkt\\\/jahres-abonnement-print\\\/#primaryimage\"},\"image\":{\"@id\":\"https:\\\/\\\/news.save.ch\\\/produkt\\\/jahres-abonnement-print\\\/#primaryimage\"},\"thumbnailUrl\":\"https:\\\/\\\/news.save.ch\\\/wp-content\\\/uploads\\\/2023\\\/03\\\/jahresabo_transparent.png\",\"datePublished\":\"2023-03-15T15:42:35+00:00\",\"dateModified\":\"2023-03-15T16:42:49+00:00\",\"breadcrumb\":{\"@id\":\"https:\\\/\\\/news.save.ch\\\/produkt\\\/jahres-abonnement-print\\\/#breadcrumb\"},\"inLanguage\":\"de\",\"potentialAction\":[{\"@type\":\"ReadAction\",\"target\":[\"https:\\\/\\\/news.save.ch\\\/produkt\\\/jahres-abonnement-print\\\/\"]}]},{\"@type\":\"ImageObject\",\"inLanguage\":\"de\",\"@id\":\"https:\\\/\\\/news.save.ch\\\/produkt\\\/jahres-abonnement-print\\\/#primaryimage\",\"url\":\"https:\\\/\\\/news.save.ch\\\/wp-content\\\/uploads\\\/2023\\\/03\\\/jahresabo_transparent.png\",\"contentUrl\":\"https:\\\/\\\/news.save.ch\\\/wp-content\\\/uploads\\\/2023\\\/03\\\/jahresabo_transparent.png\",\"width\":1000,\"height\":670},{\"@type\":\"BreadcrumbList\",\"@id\":\"https:\\\/\\\/news.save.ch\\\/produkt\\\/jahres-abonnement-print\\\/#breadcrumb\",\"itemListElement\":[{\"@type\":\"ListItem\",\"position\":1,\"name\":\"Home\",\"item\":\"https:\\\/\\\/news.save.ch\\\/de\\\/\"},{\"@type\":\"ListItem\",\"position\":2,\"name\":\"Shop\",\"item\":\"https:\\\/\\\/news.save.ch\\\/shop\\\/\"},{\"@type\":\"ListItem\",\"position\":3,\"name\":\"Jahres-Abonnement \u00abPrint\u00bb\"}]},{\"@type\":\"WebSite\",\"@id\":\"https:\\\/\\\/news.save.ch\\\/de\\\/#website\",\"url\":\"https:\\\/\\\/news.save.ch\\\/de\\\/\",\"name\":\"Save\",\"description\":\"Schweizer Fachzeitschrift f\u00fcr Sicherheit\",\"publisher\":{\"@id\":\"https:\\\/\\\/news.save.ch\\\/de\\\/#organization\"},\"potentialAction\":[{\"@type\":\"SearchAction\",\"target\":{\"@type\":\"EntryPoint\",\"urlTemplate\":\"https:\\\/\\\/news.save.ch\\\/de\\\/?s={search_term_string}\"},\"query-input\":{\"@type\":\"PropertyValueSpecification\",\"valueRequired\":true,\"valueName\":\"search_term_string\"}}],\"inLanguage\":\"de\"},{\"@type\":\"Organization\",\"@id\":\"https:\\\/\\\/news.save.ch\\\/de\\\/#organization\",\"name\":\"Sicherheitsforum\",\"url\":\"https:\\\/\\\/news.save.ch\\\/de\\\/\",\"logo\":{\"@type\":\"ImageObject\",\"inLanguage\":\"de\",\"@id\":\"https:\\\/\\\/news.save.ch\\\/de\\\/#\\\/schema\\\/logo\\\/image\\\/\",\"url\":\"https:\\\/\\\/news.save.ch\\\/wp-content\\\/uploads\\\/2022\\\/06\\\/Logo_SF_2012.png\",\"contentUrl\":\"https:\\\/\\\/news.save.ch\\\/wp-content\\\/uploads\\\/2022\\\/06\\\/Logo_SF_2012.png\",\"width\":1100,\"height\":91,\"caption\":\"Sicherheitsforum\"},\"image\":{\"@id\":\"https:\\\/\\\/news.save.ch\\\/de\\\/#\\\/schema\\\/logo\\\/image\\\/\"}}]}<\/script>\n<!-- \/ Yoast SEO plugin. -->","yoast_head_json":{"title":"Jahres-Abonnement \u00abPrint\u00bb - Save","robots":{"index":"index","follow":"follow","max-snippet":"max-snippet:-1","max-image-preview":"max-image-preview:large","max-video-preview":"max-video-preview:-1"},"canonical":"https:\/\/news.save.ch\/de\/produkt\/jahres-abonnement-print\/","og_locale":"de_DE","og_type":"article","og_title":"Jahres-Abonnement \u00abPrint\u00bb - Save","og_description":"save \u2013 das f\u00fchrende Informationsmedium f\u00fcr Safety &amp; Security. 6 x im Jahr mit aktuellen News &amp; Trends rund um die Themen Sicherheit und Pr\u00e4vention.","og_url":"https:\/\/news.save.ch\/de\/produkt\/jahres-abonnement-print\/","og_site_name":"Save","article_modified_time":"2023-03-15T16:42:49+00:00","og_image":[{"width":1000,"height":670,"url":"https:\/\/news.save.ch\/wp-content\/uploads\/2023\/03\/jahresabo_transparent.png","type":"image\/png"}],"twitter_card":"summary_large_image","twitter_misc":{"Gesch\u00e4tzte Lesezeit":"1\u00a0Minute"},"schema":{"@context":"https:\/\/schema.org","@graph":[{"@type":"WebPage","@id":"https:\/\/news.save.ch\/produkt\/jahres-abonnement-print\/","url":"https:\/\/news.save.ch\/produkt\/jahres-abonnement-print\/","name":"Jahres-Abonnement \u00abPrint\u00bb - Save","isPartOf":{"@id":"https:\/\/news.save.ch\/de\/#website"},"primaryImageOfPage":{"@id":"https:\/\/news.save.ch\/produkt\/jahres-abonnement-print\/#primaryimage"},"image":{"@id":"https:\/\/news.save.ch\/produkt\/jahres-abonnement-print\/#primaryimage"},"thumbnailUrl":"https:\/\/news.save.ch\/wp-content\/uploads\/2023\/03\/jahresabo_transparent.png","datePublished":"2023-03-15T15:42:35+00:00","dateModified":"2023-03-15T16:42:49+00:00","breadcrumb":{"@id":"https:\/\/news.save.ch\/produkt\/jahres-abonnement-print\/#breadcrumb"},"inLanguage":"de","potentialAction":[{"@type":"ReadAction","target":["https:\/\/news.save.ch\/produkt\/jahres-abonnement-print\/"]}]},{"@type":"ImageObject","inLanguage":"de","@id":"https:\/\/news.save.ch\/produkt\/jahres-abonnement-print\/#primaryimage","url":"https:\/\/news.save.ch\/wp-content\/uploads\/2023\/03\/jahresabo_transparent.png","contentUrl":"https:\/\/news.save.ch\/wp-content\/uploads\/2023\/03\/jahresabo_transparent.png","width":1000,"height":670},{"@type":"BreadcrumbList","@id":"https:\/\/news.save.ch\/produkt\/jahres-abonnement-print\/#breadcrumb","itemListElement":[{"@type":"ListItem","position":1,"name":"Home","item":"https:\/\/news.save.ch\/de\/"},{"@type":"ListItem","position":2,"name":"Shop","item":"https:\/\/news.save.ch\/shop\/"},{"@type":"ListItem","position":3,"name":"Jahres-Abonnement \u00abPrint\u00bb"}]},{"@type":"WebSite","@id":"https:\/\/news.save.ch\/de\/#website","url":"https:\/\/news.save.ch\/de\/","name":"Save","description":"Schweizer Fachzeitschrift f\u00fcr Sicherheit","publisher":{"@id":"https:\/\/news.save.ch\/de\/#organization"},"potentialAction":[{"@type":"SearchAction","target":{"@type":"EntryPoint","urlTemplate":"https:\/\/news.save.ch\/de\/?s={search_term_string}"},"query-input":{"@type":"PropertyValueSpecification","valueRequired":true,"valueName":"search_term_string"}}],"inLanguage":"de"},{"@type":"Organization","@id":"https:\/\/news.save.ch\/de\/#organization","name":"Sicherheitsforum","url":"https:\/\/news.save.ch\/de\/","logo":{"@type":"ImageObject","inLanguage":"de","@id":"https:\/\/news.save.ch\/de\/#\/schema\/logo\/image\/","url":"https:\/\/news.save.ch\/wp-content\/uploads\/2022\/06\/Logo_SF_2012.png","contentUrl":"https:\/\/news.save.ch\/wp-content\/uploads\/2022\/06\/Logo_SF_2012.png","width":1100,"height":91,"caption":"Sicherheitsforum"},"image":{"@id":"https:\/\/news.save.ch\/de\/#\/schema\/logo\/image\/"}}]}},"_links":{"self":[{"href":"https:\/\/news.save.ch\/de\/wp-json\/wp\/v2\/product\/19079","targetHints":{"allow":["GET"]}}],"collection":[{"href":"https:\/\/news.save.ch\/de\/wp-json\/wp\/v2\/product"}],"about":[{"href":"https:\/\/news.save.ch\/de\/wp-json\/wp\/v2\/types\/product"}],"wp:featuredmedia":[{"embeddable":true,"href":"https:\/\/news.save.ch\/de\/wp-json\/wp\/v2\/media\/19080"}],"wp:attachment":[{"href":"https:\/\/news.save.ch\/de\/wp-json\/wp\/v2\/media?parent=19079"}],"wp:term":[{"taxonomy":"product_brand","embeddable":true,"href":"https:\/\/news.save.ch\/de\/wp-json\/wp\/v2\/product_brand?post=19079"},{"taxonomy":"product_cat","embeddable":true,"href":"https:\/\/news.save.ch\/de\/wp-json\/wp\/v2\/product_cat?post=19079"},{"taxonomy":"product_tag","embeddable":true,"href":"https:\/\/news.save.ch\/de\/wp-json\/wp\/v2\/product_tag?post=19079"}],"curies":[{"name":"wp","href":"https:\/\/api.w.org\/{rel}","templated":true}]}}