{"id":42,"date":"2021-05-06T15:32:49","date_gmt":"2021-05-06T13:32:49","guid":{"rendered":"https:\/\/develop.organisator.galledia.ch\/?page_id=42"},"modified":"2023-03-15T15:56:47","modified_gmt":"2023-03-15T14:56:47","slug":"haeufige-fragen","status":null,"type":"page","link":"https:\/\/news.save.ch\/en\/haeufige-fragen\/","title":{"rendered":"Frequently asked questions"},"content":{"rendered":"<h1>User account<\/h1>\n<h3>How do I create a user account?<\/h3>\n<p>A personal user account will be created after successful <a href=\"\/en\/registrieren\/\">Registration<\/a> created.<\/p>\n<h3>I have forgotten my password<\/h3>\n<p>Under Forgot password you can <a href=\"\/en\/passwort-reset\/\">request a new password<\/a>.<\/p>\n<h3>I have forgotten my email address for registration and can no longer log in.<\/h3>\n<p>Your email address is required for registration. If you have forgotten your e-mail address with which you registered, please contact our <a href=\"\/en\/kontakt\/\">Reader Service<\/a>.<\/p>\n<h3>Can I change my email address?<\/h3>\n<p>You can change your email address in your user account. Alternatively, you can also send the change to our <a href=\"\/en\/kontakt\/\">Reader Service<\/a> Communicate.<\/p>\n<h3>How can I delete my user account?<\/h3>\n<p>For security reasons, you can only delete your user account by e-mail. To do so, please contact directly our <a href=\"\/en\/kontakt\/\">Reader Service<\/a>.<\/p>\n<p>&nbsp;<\/p>\n<h1>Subscriptions<\/h1>\n<h3>What subscriptions are available?<\/h3>\n<p>You can choose between three different subscriptions: <strong>Digital; <\/strong>With the digital subscription you have unlimited access to all content of the news site. You can find more information about the digital subscriptions <a href=\"\/en\/product-category-2\/online-abos\/\">here<\/a>. <strong>Print; <\/strong>With the print subscription, the periodical magazine is delivered to your mailbox in printed form. You can find more information about print subscriptions <a href=\"\/en\/product-category-2\/print-abos\/\">here<\/a>. <strong>Combi (Print &amp; Digital); <\/strong>The combined subscription gives you access to all articles on the news site. In addition, the periodical magazine is delivered to your mailbox in printed form. You can find more information about the combination subscription <a href=\"\/en\/product-category-2\/kombi-abos\/\">here<\/a>.<\/p>\n<h3>Can I switch from a subscription to the printed magazine to a digital subscription?<\/h3>\n<p>You can switch from your print subscription to a digital subscription at any time. If you have already paid for the print subscription, the remaining credit will be applied to your new subscription. To make the conversion, please contact our <a href=\"\/en\/kontakt\/\">Reader Service<\/a>.<\/p>\n<h3>Can I switch from a digital subscription to a subscription to the printed edition?<\/h3>\n<p>Yes, you can convert your subscription at any time. If you have already paid for the digital subscription, the remaining balance will be added to your new subscription. To make the conversion, please contact our <a href=\"\/en\/kontakt\/\">Reader Service<\/a>.<\/p>\n<h3>What gift subscriptions are offered?<\/h3>\n<p>Give a gift subscription for example for a birthday or Christmas. Select the desired product and write under \"Comments\" that it is a \"gift subscription\" and give us the address of the recipient. Correspondence with the recipient of a gift subscription will be handled exclusively by you, so that it remains a surprise for the recipient.<\/p>\n<h3>How can I cancel my subscription?<\/h3>\n<p>You can cancel your subscription at any time at the end of the paid term. In order for us to be able to process your cancellation in time, it must reach us at the latest 5 days before the end of the term at the <a href=\"\/en\/kontakt\/\">Reader Service<\/a> arrive. If you no longer wish to receive the magazine or news site from now on, you can send it to a person of your choice until the subscription expires. Early cancellation of the subscription or withdrawal of the remaining balance is not possible.<\/p>\n<p>&nbsp;<\/p>\n<h1>Invoice and payment<\/h1>\n<h3>What payment options do I have?<\/h3>\n<p>You can conveniently pay for your subscription by credit card (American Express, Visa and Mastercard).<\/p>\n<h3>Credit card payment<\/h3>\n<p>You can conveniently pay your bill via your credit card. Your subscription will be charged with this payment method <strong>not<\/strong> automatically renewed. The debit advice will be sent to you before the debit exclusively by e-mail.<\/p>\n<p>&nbsp;<\/p>\n<h1>Newsletter<\/h1>\n<h3>Is there a periodic newsletter from save?<\/h3>\n<p>Yes. For the <a href=\"\/en\/newsletter\/\">Newsletter subscription<\/a> please click <a href=\"\/en\/newsletter\/\">here<\/a>.<\/p>","protected":false},"excerpt":{"rendered":"<p>Benutzerkonto Wie erstelle ich ein Benutzerkonto? Ein pers\u00f6nliches Benutzerkonto wird nach erfolgreicher Registration erstellt. Ich habe mein Passwort vergessen Unter Passwort vergessen k\u00f6nnen Sie ein neues Passwort anfordern. Ich habe meine E-Mail-Adresse f\u00fcr die Anmeldung vergessen und kann mich nicht mehr anmelden. Ihre E-Mail-Adresse wird f\u00fcr die Anmeldung ben\u00f6tigt. Haben Sie Ihre E-Mail-Adresse vergessen mit [&hellip;]<\/p>\n","protected":false},"author":1,"featured_media":0,"parent":0,"menu_order":0,"comment_status":"closed","ping_status":"closed","template":"","meta":{"_acf_changed":false,"pgc_sgb_lightbox_settings":"","footnotes":""},"class_list":["post-42","page","type-page","status-publish","hentry"],"acf":[],"hkrextid":null,"publication":null,"issue":null,"workflow":null,"startPage":null,"spitzmarke":null,"_posts_by_tag_page_fields":null,"_at_widget":null,"_yoast_wpseo_primary_category":null,"_yoast_wpseo_focuskw_text_input":null,"_yoast_wpseo_opengraph-image":null,"_yoast_wpseo_opengraph-description":null,"_yoast_wpseo_opengraph-title":null,"enclosure":null,"_yoast_wpseo_twitter-title":null,"_yoast_wpseo_twitter-description":null,"_yoast_wpseo_twitter-image":null,"_wp_old_slug":null,"_yoast_wpseo_title":null,"_yoast_wpseo_canonical":null,"yoast_head":"<!-- This site is optimized with the Yoast SEO plugin v27.5 - https:\/\/yoast.com\/product\/yoast-seo-wordpress\/ -->\n<title>H\u00e4ufige Fragen - Save<\/title>\n<meta name=\"robots\" content=\"index, follow, max-snippet:-1, max-image-preview:large, max-video-preview:-1\" \/>\n<link rel=\"canonical\" href=\"https:\/\/news.save.ch\/en\/haeufige-fragen\/\" \/>\n<meta property=\"og:locale\" content=\"en_US\" \/>\n<meta property=\"og:type\" content=\"article\" \/>\n<meta property=\"og:title\" content=\"H\u00e4ufige Fragen - Save\" \/>\n<meta property=\"og:description\" content=\"Benutzerkonto Wie erstelle ich ein Benutzerkonto? Ein pers\u00f6nliches Benutzerkonto wird nach erfolgreicher Registration erstellt. Ich habe mein Passwort vergessen Unter Passwort vergessen k\u00f6nnen Sie ein neues Passwort anfordern. Ich habe meine E-Mail-Adresse f\u00fcr die Anmeldung vergessen und kann mich nicht mehr anmelden. Ihre E-Mail-Adresse wird f\u00fcr die Anmeldung ben\u00f6tigt. Haben Sie Ihre E-Mail-Adresse vergessen mit [&hellip;]\" \/>\n<meta property=\"og:url\" content=\"https:\/\/news.save.ch\/en\/haeufige-fragen\/\" \/>\n<meta property=\"og:site_name\" content=\"Save\" \/>\n<meta property=\"article:modified_time\" content=\"2023-03-15T14:56:47+00:00\" \/>\n<meta name=\"twitter:card\" content=\"summary_large_image\" \/>\n<meta name=\"twitter:label1\" content=\"Est. reading time\" \/>\n\t<meta name=\"twitter:data1\" content=\"3 minutes\" \/>\n<script type=\"application\/ld+json\" class=\"yoast-schema-graph\">{\"@context\":\"https:\\\/\\\/schema.org\",\"@graph\":[{\"@type\":\"WebPage\",\"@id\":\"https:\\\/\\\/news.save.ch\\\/haeufige-fragen\\\/\",\"url\":\"https:\\\/\\\/news.save.ch\\\/haeufige-fragen\\\/\",\"name\":\"H\u00e4ufige Fragen - Save\",\"isPartOf\":{\"@id\":\"https:\\\/\\\/news.save.ch\\\/de\\\/#website\"},\"datePublished\":\"2021-05-06T13:32:49+00:00\",\"dateModified\":\"2023-03-15T14:56:47+00:00\",\"breadcrumb\":{\"@id\":\"https:\\\/\\\/news.save.ch\\\/haeufige-fragen\\\/#breadcrumb\"},\"inLanguage\":\"en-US\",\"potentialAction\":[{\"@type\":\"ReadAction\",\"target\":[\"https:\\\/\\\/news.save.ch\\\/haeufige-fragen\\\/\"]}]},{\"@type\":\"BreadcrumbList\",\"@id\":\"https:\\\/\\\/news.save.ch\\\/haeufige-fragen\\\/#breadcrumb\",\"itemListElement\":[{\"@type\":\"ListItem\",\"position\":1,\"name\":\"Home\",\"item\":\"https:\\\/\\\/news.save.ch\\\/de\\\/\"},{\"@type\":\"ListItem\",\"position\":2,\"name\":\"H\u00e4ufige Fragen\"}]},{\"@type\":\"WebSite\",\"@id\":\"https:\\\/\\\/news.save.ch\\\/de\\\/#website\",\"url\":\"https:\\\/\\\/news.save.ch\\\/de\\\/\",\"name\":\"Save\",\"description\":\"Schweizer Fachzeitschrift f\u00fcr Sicherheit\",\"publisher\":{\"@id\":\"https:\\\/\\\/news.save.ch\\\/de\\\/#organization\"},\"potentialAction\":[{\"@type\":\"SearchAction\",\"target\":{\"@type\":\"EntryPoint\",\"urlTemplate\":\"https:\\\/\\\/news.save.ch\\\/de\\\/?s={search_term_string}\"},\"query-input\":{\"@type\":\"PropertyValueSpecification\",\"valueRequired\":true,\"valueName\":\"search_term_string\"}}],\"inLanguage\":\"en-US\"},{\"@type\":\"Organization\",\"@id\":\"https:\\\/\\\/news.save.ch\\\/de\\\/#organization\",\"name\":\"Sicherheitsforum\",\"url\":\"https:\\\/\\\/news.save.ch\\\/de\\\/\",\"logo\":{\"@type\":\"ImageObject\",\"inLanguage\":\"en-US\",\"@id\":\"https:\\\/\\\/news.save.ch\\\/de\\\/#\\\/schema\\\/logo\\\/image\\\/\",\"url\":\"https:\\\/\\\/news.save.ch\\\/wp-content\\\/uploads\\\/2022\\\/06\\\/Logo_SF_2012.png\",\"contentUrl\":\"https:\\\/\\\/news.save.ch\\\/wp-content\\\/uploads\\\/2022\\\/06\\\/Logo_SF_2012.png\",\"width\":1100,\"height\":91,\"caption\":\"Sicherheitsforum\"},\"image\":{\"@id\":\"https:\\\/\\\/news.save.ch\\\/de\\\/#\\\/schema\\\/logo\\\/image\\\/\"}}]}<\/script>\n<!-- \/ Yoast SEO plugin. -->","yoast_head_json":{"title":"Frequently asked questions - Save","robots":{"index":"index","follow":"follow","max-snippet":"max-snippet:-1","max-image-preview":"max-image-preview:large","max-video-preview":"max-video-preview:-1"},"canonical":"https:\/\/news.save.ch\/en\/haeufige-fragen\/","og_locale":"en_US","og_type":"article","og_title":"H\u00e4ufige Fragen - Save","og_description":"Benutzerkonto Wie erstelle ich ein Benutzerkonto? Ein pers\u00f6nliches Benutzerkonto wird nach erfolgreicher Registration erstellt. Ich habe mein Passwort vergessen Unter Passwort vergessen k\u00f6nnen Sie ein neues Passwort anfordern. Ich habe meine E-Mail-Adresse f\u00fcr die Anmeldung vergessen und kann mich nicht mehr anmelden. Ihre E-Mail-Adresse wird f\u00fcr die Anmeldung ben\u00f6tigt. Haben Sie Ihre E-Mail-Adresse vergessen mit [&hellip;]","og_url":"https:\/\/news.save.ch\/en\/haeufige-fragen\/","og_site_name":"Save","article_modified_time":"2023-03-15T14:56:47+00:00","twitter_card":"summary_large_image","twitter_misc":{"Est. reading time":"3 minutes"},"schema":{"@context":"https:\/\/schema.org","@graph":[{"@type":"WebPage","@id":"https:\/\/news.save.ch\/haeufige-fragen\/","url":"https:\/\/news.save.ch\/haeufige-fragen\/","name":"Frequently asked questions - Save","isPartOf":{"@id":"https:\/\/news.save.ch\/de\/#website"},"datePublished":"2021-05-06T13:32:49+00:00","dateModified":"2023-03-15T14:56:47+00:00","breadcrumb":{"@id":"https:\/\/news.save.ch\/haeufige-fragen\/#breadcrumb"},"inLanguage":"en-US","potentialAction":[{"@type":"ReadAction","target":["https:\/\/news.save.ch\/haeufige-fragen\/"]}]},{"@type":"BreadcrumbList","@id":"https:\/\/news.save.ch\/haeufige-fragen\/#breadcrumb","itemListElement":[{"@type":"ListItem","position":1,"name":"Home","item":"https:\/\/news.save.ch\/de\/"},{"@type":"ListItem","position":2,"name":"H\u00e4ufige Fragen"}]},{"@type":"WebSite","@id":"https:\/\/news.save.ch\/de\/#website","url":"https:\/\/news.save.ch\/de\/","name":"Save","description":"Swiss trade journal for safety","publisher":{"@id":"https:\/\/news.save.ch\/de\/#organization"},"potentialAction":[{"@type":"SearchAction","target":{"@type":"EntryPoint","urlTemplate":"https:\/\/news.save.ch\/de\/?s={search_term_string}"},"query-input":{"@type":"PropertyValueSpecification","valueRequired":true,"valueName":"search_term_string"}}],"inLanguage":"en-US"},{"@type":"Organization","@id":"https:\/\/news.save.ch\/de\/#organization","name":"Security Forum","url":"https:\/\/news.save.ch\/de\/","logo":{"@type":"ImageObject","inLanguage":"en-US","@id":"https:\/\/news.save.ch\/de\/#\/schema\/logo\/image\/","url":"https:\/\/news.save.ch\/wp-content\/uploads\/2022\/06\/Logo_SF_2012.png","contentUrl":"https:\/\/news.save.ch\/wp-content\/uploads\/2022\/06\/Logo_SF_2012.png","width":1100,"height":91,"caption":"Sicherheitsforum"},"image":{"@id":"https:\/\/news.save.ch\/de\/#\/schema\/logo\/image\/"}}]}},"_links":{"self":[{"href":"https:\/\/news.save.ch\/en\/wp-json\/wp\/v2\/pages\/42","targetHints":{"allow":["GET"]}}],"collection":[{"href":"https:\/\/news.save.ch\/en\/wp-json\/wp\/v2\/pages"}],"about":[{"href":"https:\/\/news.save.ch\/en\/wp-json\/wp\/v2\/types\/page"}],"author":[{"embeddable":true,"href":"https:\/\/news.save.ch\/en\/wp-json\/wp\/v2\/users\/1"}],"replies":[{"embeddable":true,"href":"https:\/\/news.save.ch\/en\/wp-json\/wp\/v2\/comments?post=42"}],"version-history":[{"count":3,"href":"https:\/\/news.save.ch\/en\/wp-json\/wp\/v2\/pages\/42\/revisions"}],"predecessor-version":[{"id":19074,"href":"https:\/\/news.save.ch\/en\/wp-json\/wp\/v2\/pages\/42\/revisions\/19074"}],"wp:attachment":[{"href":"https:\/\/news.save.ch\/en\/wp-json\/wp\/v2\/media?parent=42"}],"curies":[{"name":"wp","href":"https:\/\/api.w.org\/{rel}","templated":true}]}}