{"id":42,"date":"2021-05-06T15:32:49","date_gmt":"2021-05-06T13:32:49","guid":{"rendered":"https:\/\/develop.organisator.galledia.ch\/?page_id=42"},"modified":"2023-03-15T15:56:47","modified_gmt":"2023-03-15T14:56:47","slug":"haeufige-fragen","status":null,"type":"page","link":"https:\/\/news.save.ch\/fr\/haeufige-fragen\/","title":{"rendered":"Questions fr\u00e9quentes"},"content":{"rendered":"<h1>Compte d'utilisateur<\/h1>\n<h3>Comment cr\u00e9er un compte d'utilisateur ?<\/h3>\n<p>Un compte d'utilisateur personnel est cr\u00e9\u00e9 apr\u00e8s le succ\u00e8s <a href=\"\/fr\/registrieren\/\">Inscription<\/a> cr\u00e9\u00e9.<\/p>\n<h3>J'ai oubli\u00e9 mon mot de passe<\/h3>\n<p>Sous Mot de passe oubli\u00e9, vous pouvez <a href=\"\/fr\/passwort-reset\/\">demander un nouveau mot de passe<\/a>.<\/p>\n<h3>J'ai oubli\u00e9 mon adresse e-mail pour l'inscription et je ne peux plus m'inscrire.<\/h3>\n<p>Votre adresse e-mail est n\u00e9cessaire pour l'inscription. Si vous avez oubli\u00e9 l'adresse e-mail avec laquelle vous vous \u00eates inscrit(e), veuillez vous adresser \u00e0 notre service d'assistance. <a href=\"\/fr\/kontakt\/\">Service des lecteurs<\/a>.<\/p>\n<h3>Puis-je changer mon adresse e-mail ?<\/h3>\n<p>Vous pouvez modifier votre adresse e-mail dans votre compte d'utilisateur. Vous pouvez \u00e9galement faire la modification \u00e0 notre <a href=\"\/fr\/kontakt\/\">Service des lecteurs<\/a> communiquer.<\/p>\n<h3>Comment puis-je supprimer mon compte d'utilisateur ?<\/h3>\n<p>Pour des raisons de s\u00e9curit\u00e9, vous ne pouvez supprimer votre compte d'utilisateur que par e-mail. Pour ce faire, veuillez vous adresser directement \u00e0 notre <a href=\"\/fr\/kontakt\/\">Service des lecteurs<\/a>.<\/p>\n<p>&nbsp;<\/p>\n<h1>Abonnements<\/h1>\n<h3>Quels sont les abonnements disponibles ?<\/h3>\n<p>Vous pouvez choisir entre trois abonnements diff\u00e9rents : <strong>Num\u00e9rique ; <\/strong>L'abonnement num\u00e9rique vous donne un acc\u00e8s illimit\u00e9 \u00e0 tous les contenus du site d'information. Vous trouverez plus d'informations sur les abonnements num\u00e9riques <a href=\"\/fr\/categorie-produit\/online-abos\/\">ici<\/a>. <strong>Imprim\u00e9 ; <\/strong>Avec l'abonnement Print, vous recevez le magazine p\u00e9riodique sous forme imprim\u00e9e dans votre bo\u00eete aux lettres. Vous trouverez plus d'informations sur les abonnements imprim\u00e9s <a href=\"\/fr\/categorie-produit\/print-abos\/\">ici<\/a>. <strong>Combin\u00e9 (imprim\u00e9 &amp; num\u00e9rique) ; <\/strong>L'abonnement combin\u00e9 vous donne acc\u00e8s \u00e0 tous les articles du site d'actualit\u00e9s. De plus, le magazine p\u00e9riodique est distribu\u00e9 sous forme imprim\u00e9e dans votre bo\u00eete aux lettres. Vous trouverez plus d'informations sur l'abonnement combin\u00e9 <a href=\"\/fr\/categorie-produit\/kombi-abos\/\">ici<\/a>.<\/p>\n<h3>Puis-je passer d'un abonnement \u00e0 la revue imprim\u00e9e \u00e0 un abonnement num\u00e9rique ?<\/h3>\n<p>Vous pouvez passer \u00e0 tout moment de votre abonnement papier \u00e0 un abonnement num\u00e9rique. Si vous avez d\u00e9j\u00e0 pay\u00e9 l'abonnement papier, le cr\u00e9dit restant sera d\u00e9duit de votre nouvel abonnement. Pour effectuer la conversion, veuillez contacter notre <a href=\"\/fr\/kontakt\/\">Service des lecteurs<\/a>.<\/p>\n<h3>Puis-je passer d'un abonnement num\u00e9rique \u00e0 un abonnement \u00e0 l'\u00e9dition papier ?<\/h3>\n<p>Oui, vous pouvez convertir votre abonnement \u00e0 tout moment. Si vous avez d\u00e9j\u00e0 pay\u00e9 l'abonnement num\u00e9rique, le cr\u00e9dit restant sera d\u00e9duit de votre nouvel abonnement. Pour effectuer la conversion, veuillez contacter notre <a href=\"\/fr\/kontakt\/\">Service des lecteurs<\/a>.<\/p>\n<h3>Quels sont les abonnements cadeaux propos\u00e9s ?<\/h3>\n<p>Offrez un abonnement cadeau, par exemple pour un anniversaire ou pour No\u00ebl. Choisissez le produit souhait\u00e9 et indiquez sous \"Remarques\" qu'il s'agit d'un \"abonnement cadeau\" et donnez-nous l'adresse du destinataire du cadeau. Lors de la conclusion d'un abonnement cadeau, la correspondance est exclusivement men\u00e9e avec vous, de sorte que cela reste une surprise pour le destinataire du cadeau.<\/p>\n<h3>Comment puis-je r\u00e9silier mon abonnement ?<\/h3>\n<p>Vous pouvez r\u00e9silier votre abonnement \u00e0 tout moment \u00e0 la fin de la p\u00e9riode pay\u00e9e. Pour que nous puissions traiter votre r\u00e9siliation \u00e0 temps, celle-ci doit nous parvenir au plus tard 5 jours avant l'expiration de la dur\u00e9e de validit\u00e9 au <a href=\"\/fr\/kontakt\/\">Service des lecteurs<\/a> vous parviennent. Si vous ne souhaitez plus recevoir le magazine ou le site d'information \u00e0 partir de maintenant, vous pouvez le faire parvenir \u00e0 la personne de votre choix jusqu'\u00e0 la fin de votre abonnement. Il n'est pas possible de r\u00e9silier l'abonnement ou de recevoir le solde avant la fin de la p\u00e9riode d'abonnement.<\/p>\n<p>&nbsp;<\/p>\n<h1>Facture et paiement<\/h1>\n<h3>Quelles sont les possibilit\u00e9s de paiement dont je dispose ?<\/h3>\n<p>Vous pouvez facilement payer votre abonnement par carte de cr\u00e9dit (American Express, Visa et Mastercard).<\/p>\n<h3>Paiement par carte de cr\u00e9dit<\/h3>\n<p>Vous pouvez r\u00e9gler votre facture facilement par carte de cr\u00e9dit. Avec ce mode de paiement, votre abonnement est <strong>pas<\/strong> renouvel\u00e9 automatiquement. L'avis de d\u00e9bit vous est envoy\u00e9 exclusivement par e-mail avant le d\u00e9bit.<\/p>\n<p>&nbsp;<\/p>\n<h1>Bulletin d'information<\/h1>\n<h3>Existe-t-il un bulletin d'information p\u00e9riodique de save ?<\/h3>\n<p>Oui, pour les <a href=\"\/fr\/newsletter\/\">Inscription \u00e0 la newsletter<\/a> veuillez cliquer <a href=\"\/fr\/newsletter\/\">ici<\/a>.<\/p>","protected":false},"excerpt":{"rendered":"<p>Benutzerkonto Wie erstelle ich ein Benutzerkonto? Ein pers\u00f6nliches Benutzerkonto wird nach erfolgreicher Registration erstellt. Ich habe mein Passwort vergessen Unter Passwort vergessen k\u00f6nnen Sie ein neues Passwort anfordern. Ich habe meine E-Mail-Adresse f\u00fcr die Anmeldung vergessen und kann mich nicht mehr anmelden. Ihre E-Mail-Adresse wird f\u00fcr die Anmeldung ben\u00f6tigt. Haben Sie Ihre E-Mail-Adresse vergessen mit [&hellip;]<\/p>\n","protected":false},"author":1,"featured_media":0,"parent":0,"menu_order":0,"comment_status":"closed","ping_status":"closed","template":"","meta":{"_acf_changed":false,"pgc_sgb_lightbox_settings":"","footnotes":""},"class_list":["post-42","page","type-page","status-publish","hentry"],"acf":[],"hkrextid":null,"publication":null,"issue":null,"workflow":null,"startPage":null,"spitzmarke":null,"_posts_by_tag_page_fields":null,"_at_widget":null,"_yoast_wpseo_primary_category":null,"_yoast_wpseo_focuskw_text_input":null,"_yoast_wpseo_opengraph-image":null,"_yoast_wpseo_opengraph-description":null,"_yoast_wpseo_opengraph-title":null,"enclosure":null,"_yoast_wpseo_twitter-title":null,"_yoast_wpseo_twitter-description":null,"_yoast_wpseo_twitter-image":null,"_wp_old_slug":null,"_yoast_wpseo_title":null,"_yoast_wpseo_canonical":null,"yoast_head":"<!-- This site is optimized with the Yoast SEO plugin v27.4 - https:\/\/yoast.com\/product\/yoast-seo-wordpress\/ -->\n<title>H\u00e4ufige Fragen - Save<\/title>\n<meta name=\"robots\" content=\"index, follow, max-snippet:-1, max-image-preview:large, max-video-preview:-1\" \/>\n<link rel=\"canonical\" href=\"https:\/\/news.save.ch\/fr\/haeufige-fragen\/\" \/>\n<meta property=\"og:locale\" content=\"fr_FR\" \/>\n<meta property=\"og:type\" content=\"article\" \/>\n<meta property=\"og:title\" content=\"H\u00e4ufige Fragen - Save\" \/>\n<meta property=\"og:description\" content=\"Benutzerkonto Wie erstelle ich ein Benutzerkonto? Ein pers\u00f6nliches Benutzerkonto wird nach erfolgreicher Registration erstellt. Ich habe mein Passwort vergessen Unter Passwort vergessen k\u00f6nnen Sie ein neues Passwort anfordern. Ich habe meine E-Mail-Adresse f\u00fcr die Anmeldung vergessen und kann mich nicht mehr anmelden. Ihre E-Mail-Adresse wird f\u00fcr die Anmeldung ben\u00f6tigt. Haben Sie Ihre E-Mail-Adresse vergessen mit [&hellip;]\" \/>\n<meta property=\"og:url\" content=\"https:\/\/news.save.ch\/fr\/haeufige-fragen\/\" \/>\n<meta property=\"og:site_name\" content=\"Save\" \/>\n<meta property=\"article:modified_time\" content=\"2023-03-15T14:56:47+00:00\" \/>\n<meta name=\"twitter:card\" content=\"summary_large_image\" \/>\n<meta name=\"twitter:label1\" content=\"Dur\u00e9e de lecture estim\u00e9e\" \/>\n\t<meta name=\"twitter:data1\" content=\"3 minutes\" \/>\n<script type=\"application\/ld+json\" class=\"yoast-schema-graph\">{\"@context\":\"https:\\\/\\\/schema.org\",\"@graph\":[{\"@type\":\"WebPage\",\"@id\":\"https:\\\/\\\/news.save.ch\\\/haeufige-fragen\\\/\",\"url\":\"https:\\\/\\\/news.save.ch\\\/haeufige-fragen\\\/\",\"name\":\"H\u00e4ufige Fragen - Save\",\"isPartOf\":{\"@id\":\"https:\\\/\\\/news.save.ch\\\/de\\\/#website\"},\"datePublished\":\"2021-05-06T13:32:49+00:00\",\"dateModified\":\"2023-03-15T14:56:47+00:00\",\"breadcrumb\":{\"@id\":\"https:\\\/\\\/news.save.ch\\\/haeufige-fragen\\\/#breadcrumb\"},\"inLanguage\":\"fr-FR\",\"potentialAction\":[{\"@type\":\"ReadAction\",\"target\":[\"https:\\\/\\\/news.save.ch\\\/haeufige-fragen\\\/\"]}]},{\"@type\":\"BreadcrumbList\",\"@id\":\"https:\\\/\\\/news.save.ch\\\/haeufige-fragen\\\/#breadcrumb\",\"itemListElement\":[{\"@type\":\"ListItem\",\"position\":1,\"name\":\"Home\",\"item\":\"https:\\\/\\\/news.save.ch\\\/de\\\/\"},{\"@type\":\"ListItem\",\"position\":2,\"name\":\"H\u00e4ufige Fragen\"}]},{\"@type\":\"WebSite\",\"@id\":\"https:\\\/\\\/news.save.ch\\\/de\\\/#website\",\"url\":\"https:\\\/\\\/news.save.ch\\\/de\\\/\",\"name\":\"Save\",\"description\":\"Schweizer Fachzeitschrift f\u00fcr Sicherheit\",\"publisher\":{\"@id\":\"https:\\\/\\\/news.save.ch\\\/de\\\/#organization\"},\"potentialAction\":[{\"@type\":\"SearchAction\",\"target\":{\"@type\":\"EntryPoint\",\"urlTemplate\":\"https:\\\/\\\/news.save.ch\\\/de\\\/?s={search_term_string}\"},\"query-input\":{\"@type\":\"PropertyValueSpecification\",\"valueRequired\":true,\"valueName\":\"search_term_string\"}}],\"inLanguage\":\"fr-FR\"},{\"@type\":\"Organization\",\"@id\":\"https:\\\/\\\/news.save.ch\\\/de\\\/#organization\",\"name\":\"Sicherheitsforum\",\"url\":\"https:\\\/\\\/news.save.ch\\\/de\\\/\",\"logo\":{\"@type\":\"ImageObject\",\"inLanguage\":\"fr-FR\",\"@id\":\"https:\\\/\\\/news.save.ch\\\/de\\\/#\\\/schema\\\/logo\\\/image\\\/\",\"url\":\"https:\\\/\\\/news.save.ch\\\/wp-content\\\/uploads\\\/2022\\\/06\\\/Logo_SF_2012.png\",\"contentUrl\":\"https:\\\/\\\/news.save.ch\\\/wp-content\\\/uploads\\\/2022\\\/06\\\/Logo_SF_2012.png\",\"width\":1100,\"height\":91,\"caption\":\"Sicherheitsforum\"},\"image\":{\"@id\":\"https:\\\/\\\/news.save.ch\\\/de\\\/#\\\/schema\\\/logo\\\/image\\\/\"}}]}<\/script>\n<!-- \/ Yoast SEO plugin. -->","yoast_head_json":{"title":"Questions fr\u00e9quentes - Save","robots":{"index":"index","follow":"follow","max-snippet":"max-snippet:-1","max-image-preview":"max-image-preview:large","max-video-preview":"max-video-preview:-1"},"canonical":"https:\/\/news.save.ch\/fr\/haeufige-fragen\/","og_locale":"fr_FR","og_type":"article","og_title":"H\u00e4ufige Fragen - Save","og_description":"Benutzerkonto Wie erstelle ich ein Benutzerkonto? Ein pers\u00f6nliches Benutzerkonto wird nach erfolgreicher Registration erstellt. Ich habe mein Passwort vergessen Unter Passwort vergessen k\u00f6nnen Sie ein neues Passwort anfordern. Ich habe meine E-Mail-Adresse f\u00fcr die Anmeldung vergessen und kann mich nicht mehr anmelden. Ihre E-Mail-Adresse wird f\u00fcr die Anmeldung ben\u00f6tigt. Haben Sie Ihre E-Mail-Adresse vergessen mit [&hellip;]","og_url":"https:\/\/news.save.ch\/fr\/haeufige-fragen\/","og_site_name":"Save","article_modified_time":"2023-03-15T14:56:47+00:00","twitter_card":"summary_large_image","twitter_misc":{"Dur\u00e9e de lecture estim\u00e9e":"3 minutes"},"schema":{"@context":"https:\/\/schema.org","@graph":[{"@type":"WebPage","@id":"https:\/\/news.save.ch\/haeufige-fragen\/","url":"https:\/\/news.save.ch\/haeufige-fragen\/","name":"Questions fr\u00e9quentes - Save","isPartOf":{"@id":"https:\/\/news.save.ch\/de\/#website"},"datePublished":"2021-05-06T13:32:49+00:00","dateModified":"2023-03-15T14:56:47+00:00","breadcrumb":{"@id":"https:\/\/news.save.ch\/haeufige-fragen\/#breadcrumb"},"inLanguage":"fr-FR","potentialAction":[{"@type":"ReadAction","target":["https:\/\/news.save.ch\/haeufige-fragen\/"]}]},{"@type":"BreadcrumbList","@id":"https:\/\/news.save.ch\/haeufige-fragen\/#breadcrumb","itemListElement":[{"@type":"ListItem","position":1,"name":"Home","item":"https:\/\/news.save.ch\/de\/"},{"@type":"ListItem","position":2,"name":"H\u00e4ufige Fragen"}]},{"@type":"WebSite","@id":"https:\/\/news.save.ch\/de\/#website","url":"https:\/\/news.save.ch\/de\/","name":"Save","description":"Revue suisse sp\u00e9cialis\u00e9e dans la s\u00e9curit\u00e9","publisher":{"@id":"https:\/\/news.save.ch\/de\/#organization"},"potentialAction":[{"@type":"SearchAction","target":{"@type":"EntryPoint","urlTemplate":"https:\/\/news.save.ch\/de\/?s={search_term_string}"},"query-input":{"@type":"PropertyValueSpecification","valueRequired":true,"valueName":"search_term_string"}}],"inLanguage":"fr-FR"},{"@type":"Organization","@id":"https:\/\/news.save.ch\/de\/#organization","name":"Forum sur la s\u00e9curit\u00e9","url":"https:\/\/news.save.ch\/de\/","logo":{"@type":"ImageObject","inLanguage":"fr-FR","@id":"https:\/\/news.save.ch\/de\/#\/schema\/logo\/image\/","url":"https:\/\/news.save.ch\/wp-content\/uploads\/2022\/06\/Logo_SF_2012.png","contentUrl":"https:\/\/news.save.ch\/wp-content\/uploads\/2022\/06\/Logo_SF_2012.png","width":1100,"height":91,"caption":"Sicherheitsforum"},"image":{"@id":"https:\/\/news.save.ch\/de\/#\/schema\/logo\/image\/"}}]}},"_links":{"self":[{"href":"https:\/\/news.save.ch\/fr\/wp-json\/wp\/v2\/pages\/42","targetHints":{"allow":["GET"]}}],"collection":[{"href":"https:\/\/news.save.ch\/fr\/wp-json\/wp\/v2\/pages"}],"about":[{"href":"https:\/\/news.save.ch\/fr\/wp-json\/wp\/v2\/types\/page"}],"author":[{"embeddable":true,"href":"https:\/\/news.save.ch\/fr\/wp-json\/wp\/v2\/users\/1"}],"replies":[{"embeddable":true,"href":"https:\/\/news.save.ch\/fr\/wp-json\/wp\/v2\/comments?post=42"}],"version-history":[{"count":3,"href":"https:\/\/news.save.ch\/fr\/wp-json\/wp\/v2\/pages\/42\/revisions"}],"predecessor-version":[{"id":19074,"href":"https:\/\/news.save.ch\/fr\/wp-json\/wp\/v2\/pages\/42\/revisions\/19074"}],"wp:attachment":[{"href":"https:\/\/news.save.ch\/fr\/wp-json\/wp\/v2\/media?parent=42"}],"curies":[{"name":"wp","href":"https:\/\/api.w.org\/{rel}","templated":true}]}}