{"id":42,"date":"2021-05-06T15:32:49","date_gmt":"2021-05-06T13:32:49","guid":{"rendered":"https:\/\/develop.organisator.galledia.ch\/?page_id=42"},"modified":"2023-03-15T15:56:47","modified_gmt":"2023-03-15T14:56:47","slug":"haeufige-fragen","status":null,"type":"page","link":"https:\/\/news.save.ch\/it\/haeufige-fragen\/","title":{"rendered":"Domande frequenti"},"content":{"rendered":"<h1>Account utente<\/h1>\n<h3>Come si crea un account utente?<\/h3>\n<p>Dopo l'esito positivo, verr\u00e0 creato un account utente personale <a href=\"\/it\/registrieren\/\">Registrazione<\/a> creato.<\/p>\n<h3>Ho dimenticato la mia password<\/h3>\n<p>Alla voce Password dimenticata \u00e8 possibile <a href=\"\/it\/passwort-reset\/\">richiedere una nuova password<\/a>.<\/p>\n<h3>Ho dimenticato il mio indirizzo e-mail per la registrazione e non riesco pi\u00f9 ad accedere.<\/h3>\n<p>L'indirizzo e-mail \u00e8 necessario per la registrazione. Se si \u00e8 dimenticato l'indirizzo e-mail con cui ci si \u00e8 registrati, si prega di contattare la nostra <a href=\"\/it\/kontakt\/\">Servizio lettori<\/a>.<\/p>\n<h3>Posso cambiare il mio indirizzo e-mail?<\/h3>\n<p>\u00c8 possibile modificare l'indirizzo e-mail nel proprio account utente. In alternativa, \u00e8 possibile inviare la modifica al nostro sito web <a href=\"\/it\/kontakt\/\">Servizio lettori<\/a> condividere.<\/p>\n<h3>Come posso eliminare il mio account utente?<\/h3>\n<p>Per motivi di sicurezza, \u00e8 possibile cancellare il proprio account utente solo via e-mail. A tal fine, si prega di contattare il nostro <a href=\"\/it\/kontakt\/\">Servizio lettori<\/a>.<\/p>\n<p>&nbsp;<\/p>\n<h1>Abbonamenti<\/h1>\n<h3>Quali sono gli abbonamenti disponibili?<\/h3>\n<p>\u00c8 possibile scegliere tra tre diversi abbonamenti: <strong>Digitale; <\/strong>Con l'abbonamento digitale si ha accesso illimitato a tutti i contenuti del sito di notizie. Per maggiori informazioni sugli abbonamenti digitali <a href=\"\/it\/categoria-prodotto\/online-abos\/\">qui<\/a>. <strong>Stampa; <\/strong>Con l'abbonamento cartaceo, il periodico viene recapitato nella cassetta delle lettere in forma stampata. Per maggiori informazioni sugli abbonamenti alla stampa <a href=\"\/it\/categoria-prodotto\/print-abos\/\">qui<\/a>. <strong>Combi (stampa e digitale); <\/strong>Con l'abbonamento combinato si ha accesso a tutti gli articoli della pagina delle notizie. Inoltre, la rivista periodica viene recapitata nella cassetta delle lettere in forma stampata. Potete trovare maggiori informazioni sull'abbonamento combinato <a href=\"\/it\/categoria-prodotto\/kombi-abos\/\">qui<\/a>.<\/p>\n<h3>Posso passare da un abbonamento alla rivista cartacea a un abbonamento digitale?<\/h3>\n<p>\u00c8 possibile passare dall'abbonamento cartaceo a quello digitale in qualsiasi momento. Se avete gi\u00e0 pagato l'abbonamento alla stampa, il credito residuo sar\u00e0 aggiunto al vostro nuovo abbonamento. Per effettuare la conversione, contattare il nostro <a href=\"\/it\/kontakt\/\">Servizio lettori<\/a>.<\/p>\n<h3>Posso passare da un abbonamento digitale a un abbonamento all'edizione cartacea?<\/h3>\n<p>S\u00ec, \u00e8 possibile convertire l'abbonamento in qualsiasi momento. Se avete gi\u00e0 pagato l'abbonamento digitale, il credito residuo sar\u00e0 aggiunto al vostro nuovo abbonamento. Per effettuare la conversione, contattare il nostro <a href=\"\/it\/kontakt\/\">Servizio lettori<\/a>.<\/p>\n<h3>Quali sono gli abbonamenti regalo offerti?<\/h3>\n<p>Regalate un abbonamento per un compleanno o per Natale, ad esempio. Selezionate il prodotto desiderato e scrivete alla voce \"Osservazioni\" che si tratta di un \"abbonamento regalo\" e indicateci l'indirizzo del destinatario. Quando si sottoscrive un abbonamento regalo, la corrispondenza sar\u00e0 esclusivamente con voi, in modo che rimanga una sorpresa per il destinatario.<\/p>\n<h3>Come posso cancellare il mio abbonamento?<\/h3>\n<p>\u00c8 possibile annullare l'abbonamento in qualsiasi momento al termine del periodo pagato. Affinch\u00e9 la disdetta possa essere elaborata in tempo utile, deve pervenirci presso il nostro ufficio almeno 5 giorni prima della scadenza del termine. <a href=\"\/it\/kontakt\/\">Servizio lettori<\/a> arrivare. Se d'ora in poi non desiderate pi\u00f9 ricevere la rivista o il sito di notizie, potete inviarlo a una persona di vostra scelta fino alla scadenza dell'abbonamento. L'annullamento anticipato dell'abbonamento o il ritiro del saldo non sono possibili.<\/p>\n<p>&nbsp;<\/p>\n<h1>Fattura e pagamento<\/h1>\n<h3>Quali opzioni di pagamento ho a disposizione?<\/h3>\n<p>\u00c8 possibile pagare comodamente l'abbonamento con carta di credito (American Express, Visa e Mastercard).<\/p>\n<h3>Pagamento con carta di credito<\/h3>\n<p>Potete pagare la vostra fattura comodamente con la vostra carta di credito. L'abbonamento verr\u00e0 addebitato con questo metodo di pagamento <strong>non<\/strong> rinnovato automaticamente. L'avviso di addebito vi viene inviato prima dell'addebito esclusivamente via e-mail.<\/p>\n<p>&nbsp;<\/p>\n<h1>Newsletter<\/h1>\n<h3>Esiste una newsletter periodica di save?<\/h3>\n<p>S\u00ec. Per il <a href=\"\/it\/newsletter\/\">Iscrizione alla newsletter<\/a> fare clic su <a href=\"\/it\/newsletter\/\">qui<\/a>.<\/p>","protected":false},"excerpt":{"rendered":"<p>Benutzerkonto Wie erstelle ich ein Benutzerkonto? Ein pers\u00f6nliches Benutzerkonto wird nach erfolgreicher Registration erstellt. Ich habe mein Passwort vergessen Unter Passwort vergessen k\u00f6nnen Sie ein neues Passwort anfordern. Ich habe meine E-Mail-Adresse f\u00fcr die Anmeldung vergessen und kann mich nicht mehr anmelden. Ihre E-Mail-Adresse wird f\u00fcr die Anmeldung ben\u00f6tigt. Haben Sie Ihre E-Mail-Adresse vergessen mit [&hellip;]<\/p>\n","protected":false},"author":1,"featured_media":0,"parent":0,"menu_order":0,"comment_status":"closed","ping_status":"closed","template":"","meta":{"_acf_changed":false,"pgc_sgb_lightbox_settings":"","footnotes":""},"class_list":["post-42","page","type-page","status-publish","hentry"],"acf":[],"hkrextid":null,"publication":null,"issue":null,"workflow":null,"startPage":null,"spitzmarke":null,"_posts_by_tag_page_fields":null,"_at_widget":null,"_yoast_wpseo_primary_category":null,"_yoast_wpseo_focuskw_text_input":null,"_yoast_wpseo_opengraph-image":null,"_yoast_wpseo_opengraph-description":null,"_yoast_wpseo_opengraph-title":null,"enclosure":null,"_yoast_wpseo_twitter-title":null,"_yoast_wpseo_twitter-description":null,"_yoast_wpseo_twitter-image":null,"_wp_old_slug":null,"_yoast_wpseo_title":null,"_yoast_wpseo_canonical":null,"yoast_head":"<!-- This site is optimized with the Yoast SEO plugin v27.5 - https:\/\/yoast.com\/product\/yoast-seo-wordpress\/ -->\n<title>H\u00e4ufige Fragen - Save<\/title>\n<meta name=\"robots\" content=\"index, follow, max-snippet:-1, max-image-preview:large, max-video-preview:-1\" \/>\n<link rel=\"canonical\" href=\"https:\/\/news.save.ch\/it\/haeufige-fragen\/\" \/>\n<meta property=\"og:locale\" content=\"it_IT\" \/>\n<meta property=\"og:type\" content=\"article\" \/>\n<meta property=\"og:title\" content=\"H\u00e4ufige Fragen - Save\" \/>\n<meta property=\"og:description\" content=\"Benutzerkonto Wie erstelle ich ein Benutzerkonto? Ein pers\u00f6nliches Benutzerkonto wird nach erfolgreicher Registration erstellt. Ich habe mein Passwort vergessen Unter Passwort vergessen k\u00f6nnen Sie ein neues Passwort anfordern. Ich habe meine E-Mail-Adresse f\u00fcr die Anmeldung vergessen und kann mich nicht mehr anmelden. Ihre E-Mail-Adresse wird f\u00fcr die Anmeldung ben\u00f6tigt. Haben Sie Ihre E-Mail-Adresse vergessen mit [&hellip;]\" \/>\n<meta property=\"og:url\" content=\"https:\/\/news.save.ch\/it\/haeufige-fragen\/\" \/>\n<meta property=\"og:site_name\" content=\"Save\" \/>\n<meta property=\"article:modified_time\" content=\"2023-03-15T14:56:47+00:00\" \/>\n<meta name=\"twitter:card\" content=\"summary_large_image\" \/>\n<meta name=\"twitter:label1\" content=\"Tempo di lettura stimato\" \/>\n\t<meta name=\"twitter:data1\" content=\"3 minuti\" \/>\n<script type=\"application\/ld+json\" class=\"yoast-schema-graph\">{\"@context\":\"https:\\\/\\\/schema.org\",\"@graph\":[{\"@type\":\"WebPage\",\"@id\":\"https:\\\/\\\/news.save.ch\\\/haeufige-fragen\\\/\",\"url\":\"https:\\\/\\\/news.save.ch\\\/haeufige-fragen\\\/\",\"name\":\"H\u00e4ufige Fragen - Save\",\"isPartOf\":{\"@id\":\"https:\\\/\\\/news.save.ch\\\/de\\\/#website\"},\"datePublished\":\"2021-05-06T13:32:49+00:00\",\"dateModified\":\"2023-03-15T14:56:47+00:00\",\"breadcrumb\":{\"@id\":\"https:\\\/\\\/news.save.ch\\\/haeufige-fragen\\\/#breadcrumb\"},\"inLanguage\":\"it-IT\",\"potentialAction\":[{\"@type\":\"ReadAction\",\"target\":[\"https:\\\/\\\/news.save.ch\\\/haeufige-fragen\\\/\"]}]},{\"@type\":\"BreadcrumbList\",\"@id\":\"https:\\\/\\\/news.save.ch\\\/haeufige-fragen\\\/#breadcrumb\",\"itemListElement\":[{\"@type\":\"ListItem\",\"position\":1,\"name\":\"Home\",\"item\":\"https:\\\/\\\/news.save.ch\\\/de\\\/\"},{\"@type\":\"ListItem\",\"position\":2,\"name\":\"H\u00e4ufige Fragen\"}]},{\"@type\":\"WebSite\",\"@id\":\"https:\\\/\\\/news.save.ch\\\/de\\\/#website\",\"url\":\"https:\\\/\\\/news.save.ch\\\/de\\\/\",\"name\":\"Save\",\"description\":\"Schweizer Fachzeitschrift f\u00fcr Sicherheit\",\"publisher\":{\"@id\":\"https:\\\/\\\/news.save.ch\\\/de\\\/#organization\"},\"potentialAction\":[{\"@type\":\"SearchAction\",\"target\":{\"@type\":\"EntryPoint\",\"urlTemplate\":\"https:\\\/\\\/news.save.ch\\\/de\\\/?s={search_term_string}\"},\"query-input\":{\"@type\":\"PropertyValueSpecification\",\"valueRequired\":true,\"valueName\":\"search_term_string\"}}],\"inLanguage\":\"it-IT\"},{\"@type\":\"Organization\",\"@id\":\"https:\\\/\\\/news.save.ch\\\/de\\\/#organization\",\"name\":\"Sicherheitsforum\",\"url\":\"https:\\\/\\\/news.save.ch\\\/de\\\/\",\"logo\":{\"@type\":\"ImageObject\",\"inLanguage\":\"it-IT\",\"@id\":\"https:\\\/\\\/news.save.ch\\\/de\\\/#\\\/schema\\\/logo\\\/image\\\/\",\"url\":\"https:\\\/\\\/news.save.ch\\\/wp-content\\\/uploads\\\/2022\\\/06\\\/Logo_SF_2012.png\",\"contentUrl\":\"https:\\\/\\\/news.save.ch\\\/wp-content\\\/uploads\\\/2022\\\/06\\\/Logo_SF_2012.png\",\"width\":1100,\"height\":91,\"caption\":\"Sicherheitsforum\"},\"image\":{\"@id\":\"https:\\\/\\\/news.save.ch\\\/de\\\/#\\\/schema\\\/logo\\\/image\\\/\"}}]}<\/script>\n<!-- \/ Yoast SEO plugin. -->","yoast_head_json":{"title":"Domande frequenti - Salva","robots":{"index":"index","follow":"follow","max-snippet":"max-snippet:-1","max-image-preview":"max-image-preview:large","max-video-preview":"max-video-preview:-1"},"canonical":"https:\/\/news.save.ch\/it\/haeufige-fragen\/","og_locale":"it_IT","og_type":"article","og_title":"H\u00e4ufige Fragen - Save","og_description":"Benutzerkonto Wie erstelle ich ein Benutzerkonto? Ein pers\u00f6nliches Benutzerkonto wird nach erfolgreicher Registration erstellt. Ich habe mein Passwort vergessen Unter Passwort vergessen k\u00f6nnen Sie ein neues Passwort anfordern. Ich habe meine E-Mail-Adresse f\u00fcr die Anmeldung vergessen und kann mich nicht mehr anmelden. Ihre E-Mail-Adresse wird f\u00fcr die Anmeldung ben\u00f6tigt. Haben Sie Ihre E-Mail-Adresse vergessen mit [&hellip;]","og_url":"https:\/\/news.save.ch\/it\/haeufige-fragen\/","og_site_name":"Save","article_modified_time":"2023-03-15T14:56:47+00:00","twitter_card":"summary_large_image","twitter_misc":{"Tempo di lettura stimato":"3 minuti"},"schema":{"@context":"https:\/\/schema.org","@graph":[{"@type":"WebPage","@id":"https:\/\/news.save.ch\/haeufige-fragen\/","url":"https:\/\/news.save.ch\/haeufige-fragen\/","name":"Domande frequenti - Salva","isPartOf":{"@id":"https:\/\/news.save.ch\/de\/#website"},"datePublished":"2021-05-06T13:32:49+00:00","dateModified":"2023-03-15T14:56:47+00:00","breadcrumb":{"@id":"https:\/\/news.save.ch\/haeufige-fragen\/#breadcrumb"},"inLanguage":"it-IT","potentialAction":[{"@type":"ReadAction","target":["https:\/\/news.save.ch\/haeufige-fragen\/"]}]},{"@type":"BreadcrumbList","@id":"https:\/\/news.save.ch\/haeufige-fragen\/#breadcrumb","itemListElement":[{"@type":"ListItem","position":1,"name":"Home","item":"https:\/\/news.save.ch\/de\/"},{"@type":"ListItem","position":2,"name":"H\u00e4ufige Fragen"}]},{"@type":"WebSite","@id":"https:\/\/news.save.ch\/de\/#website","url":"https:\/\/news.save.ch\/de\/","name":"Risparmiare","description":"Rivista svizzera specializzata in sicurezza","publisher":{"@id":"https:\/\/news.save.ch\/de\/#organization"},"potentialAction":[{"@type":"SearchAction","target":{"@type":"EntryPoint","urlTemplate":"https:\/\/news.save.ch\/de\/?s={search_term_string}"},"query-input":{"@type":"PropertyValueSpecification","valueRequired":true,"valueName":"search_term_string"}}],"inLanguage":"it-IT"},{"@type":"Organization","@id":"https:\/\/news.save.ch\/de\/#organization","name":"Forum sulla sicurezza","url":"https:\/\/news.save.ch\/de\/","logo":{"@type":"ImageObject","inLanguage":"it-IT","@id":"https:\/\/news.save.ch\/de\/#\/schema\/logo\/image\/","url":"https:\/\/news.save.ch\/wp-content\/uploads\/2022\/06\/Logo_SF_2012.png","contentUrl":"https:\/\/news.save.ch\/wp-content\/uploads\/2022\/06\/Logo_SF_2012.png","width":1100,"height":91,"caption":"Sicherheitsforum"},"image":{"@id":"https:\/\/news.save.ch\/de\/#\/schema\/logo\/image\/"}}]}},"_links":{"self":[{"href":"https:\/\/news.save.ch\/it\/wp-json\/wp\/v2\/pages\/42","targetHints":{"allow":["GET"]}}],"collection":[{"href":"https:\/\/news.save.ch\/it\/wp-json\/wp\/v2\/pages"}],"about":[{"href":"https:\/\/news.save.ch\/it\/wp-json\/wp\/v2\/types\/page"}],"author":[{"embeddable":true,"href":"https:\/\/news.save.ch\/it\/wp-json\/wp\/v2\/users\/1"}],"replies":[{"embeddable":true,"href":"https:\/\/news.save.ch\/it\/wp-json\/wp\/v2\/comments?post=42"}],"version-history":[{"count":3,"href":"https:\/\/news.save.ch\/it\/wp-json\/wp\/v2\/pages\/42\/revisions"}],"predecessor-version":[{"id":19074,"href":"https:\/\/news.save.ch\/it\/wp-json\/wp\/v2\/pages\/42\/revisions\/19074"}],"wp:attachment":[{"href":"https:\/\/news.save.ch\/it\/wp-json\/wp\/v2\/media?parent=42"}],"curies":[{"name":"wp","href":"https:\/\/api.w.org\/{rel}","templated":true}]}}